{"id":91,"date":"2022-09-06T10:52:06","date_gmt":"2022-09-06T08:52:06","guid":{"rendered":"http:\/\/web.legatum.net\/?page_id=91"},"modified":"2022-09-14T12:05:14","modified_gmt":"2022-09-14T10:05:14","slug":"servicios","status":"publish","type":"page","link":"https:\/\/www.legatum.net\/?page_id=91","title":{"rendered":"Servicios"},"content":{"rendered":"\n<h2 class=\"wp-block-heading\">Competencias<\/h2>\n\n\n\n<h3 class=\"wp-block-heading\">Asuntos Civiles<\/h3>\n\n\n\n<p class=\"has-black-color has-text-color\">Separaciones y divorcios, reclamaciones de cantidad, construcci\u00f3n,&nbsp;reclamaciones a compa\u00f1ias de seguros, accidentes de tr\u00e1fico, botenci\u00f3n de residencia y NIE, y otros<\/p>\n\n\n\n<h3 class=\"wp-block-heading\">Asuntos Penales<\/h3>\n\n\n\n<p class=\"has-black-color has-text-color\">Extradiciones, estupefacientes, robos, estafas y delitos econ\u00f3micos.<\/p>\n\n\n\n<h3 class=\"wp-block-heading\">Compraventa de inmuebles<\/h3>\n\n\n\n<p class=\"has-black-color has-text-color\">Dep\u00f3sitos, contrato, escritura, registro e impuestos. Tasaciones y valoraciones por peritos inmobiliarios de nuestra empresa.<\/p>\n\n\n\n<h3 class=\"wp-block-heading\">Herencias y testamentos<\/h3>\n\n\n\n<h3 class=\"wp-block-heading\">Construcci\u00f3n<\/h3>\n\n\n\n<p class=\"has-black-color has-text-color\">Licencias y autorizaciones, arquitectos, constructores y promotores. Control jur\u00eddico y econ\u00f3mico. Contratos.<\/p>\n\n\n\n<h3 class=\"wp-block-heading\">Gestiones empresariales<\/h3>\n\n\n\n<p class=\"has-black-color has-text-color\">Creaci\u00f3n de sociedades. Nombres y marcas. Registro mercantil. Contabilidad y libros.<br><\/p>\n\n\n\n<figure class=\"wp-block-image size-full\"><img loading=\"lazy\" decoding=\"async\" width=\"1920\" height=\"1440\" src=\"https:\/\/www.legatum.net\/wp-content\/uploads\/2022\/09\/asesor.jpg\" alt=\"\" class=\"wp-image-128\"\/><\/figure>\n","protected":false},"excerpt":{"rendered":"<p>Competencias Asuntos Civiles Separaciones y divorcios, reclamaciones de cantidad, construcci\u00f3n,&nbsp;reclamaciones a compa\u00f1ias de seguros, accidentes de tr\u00e1fico, botenci\u00f3n de residencia y NIE, y otros Asuntos Penales Extradiciones, estupefacientes, robos, estafas y delitos econ\u00f3micos. Compraventa de inmuebles Dep\u00f3sitos, contrato, escritura, registro e impuestos. Tasaciones y valoraciones por peritos inmobiliarios de nuestra empresa. Herencias y testamentos Construcci\u00f3n<\/p>\n<div><a class=\"btn-filled btn\" href=\"https:\/\/www.legatum.net\/?page_id=91\" title=\"Servicios\">Leer m\u00e1s<\/a><\/div>\n","protected":false},"author":1,"featured_media":128,"parent":0,"menu_order":0,"comment_status":"closed","ping_status":"closed","template":"","meta":{"footnotes":""},"class_list":["post-91","page","type-page","status-publish","has-post-thumbnail","hentry"],"_links":{"self":[{"href":"https:\/\/www.legatum.net\/index.php?rest_route=\/wp\/v2\/pages\/91","targetHints":{"allow":["GET"]}}],"collection":[{"href":"https:\/\/www.legatum.net\/index.php?rest_route=\/wp\/v2\/pages"}],"about":[{"href":"https:\/\/www.legatum.net\/index.php?rest_route=\/wp\/v2\/types\/page"}],"author":[{"embeddable":true,"href":"https:\/\/www.legatum.net\/index.php?rest_route=\/wp\/v2\/users\/1"}],"replies":[{"embeddable":true,"href":"https:\/\/www.legatum.net\/index.php?rest_route=%2Fwp%2Fv2%2Fcomments&post=91"}],"version-history":[{"count":10,"href":"https:\/\/www.legatum.net\/index.php?rest_route=\/wp\/v2\/pages\/91\/revisions"}],"predecessor-version":[{"id":216,"href":"https:\/\/www.legatum.net\/index.php?rest_route=\/wp\/v2\/pages\/91\/revisions\/216"}],"wp:featuredmedia":[{"embeddable":true,"href":"https:\/\/www.legatum.net\/index.php?rest_route=\/wp\/v2\/media\/128"}],"wp:attachment":[{"href":"https:\/\/www.legatum.net\/index.php?rest_route=%2Fwp%2Fv2%2Fmedia&parent=91"}],"curies":[{"name":"wp","href":"https:\/\/api.w.org\/{rel}","templated":true}]}}