{"id":257,"date":"2023-03-24T15:49:59","date_gmt":"2023-03-24T13:49:59","guid":{"rendered":"https:\/\/www.legatum.net\/?page_id=257"},"modified":"2024-10-10T17:56:37","modified_gmt":"2024-10-10T15:56:37","slug":"alertas-de-ciberdelitos-cybercrime-alert","status":"publish","type":"page","link":"https:\/\/www.legatum.net\/?page_id=257","title":{"rendered":"Alerta de Ciberdelito \/ Cybercrime Alert"},"content":{"rendered":"\n<p class=\"has-black-color has-text-color has-medium-font-size\"><strong>DATOS BANCARIOS<\/strong><\/p>\n\n\n\n<p class=\"has-black-color has-text-color has-medium-font-size\">Tenga en cuenta que existe un riesgo significativo que plantea el fraude cibern\u00e9tico, que afecta espec\u00edficamente las cuentas de correo electr\u00f3nico y los detalles de las cuentas bancarias. <\/p>\n\n\n\n<p class=\"has-black-color has-text-color has-medium-font-size\">TENGA EN CUENTA que los datos de nuestra cuenta bancaria NO cambiar\u00e1n durante el curso de una transacci\u00f3n, y NO cambiaremos nuestros datos bancarios por correo electr\u00f3nico. <\/p>\n\n\n\n<p class=\"has-black-color has-text-color has-medium-font-size\"><strong>LEGATUM LEGAL SERVICES (PRIMA LEGAL SERVICES, S.L.), tiene s\u00f3lo UNA cuenta bancaria de clientes en Banco CAJAMAR (Espa\u00f1a), finalizada en 9485. No tenemos ninguna otra cuenta bancaria.<\/strong><\/p>\n\n\n\n<p class=\"has-black-color has-text-color has-medium-font-size\">Tenga cuidado de verificar los detalles de la cuenta con nosotros en persona si tiene<br>alguna duda. No aceptaremos responsabilidad si transfiere dinero a una cuenta<br>incorrecta.<\/p>\n\n\n\n<p class=\"has-black-color has-text-color has-medium-font-size\"><strong>BANK DETAILS<\/strong><\/p>\n\n\n\n<p class=\"has-black-color has-text-color has-medium-font-size\">Please be aware that there is a significant risk posed by cyber fraud, specifically affecting email accounts and bank account details. <\/p>\n\n\n\n<p class=\"has-black-color has-text-color has-medium-font-size\">PLEASE NOTE that our bank account details WILL NOT change during the course of a transaction, and we WILL NOT change our bank details via email.<\/p>\n\n\n\n<p class=\"has-black-color has-text-color has-medium-font-size\"><strong>LEGATUM\u00a0LEGAL SERVICES (PRIMA LEGAL SERVICES, S.L.)\u00a0, has only ONE clientes bank accounts in Banco\u00a0CAJAMAR\u00a0\u00a0(Spain), ending in\u00a09485.\u00a0We don\u2019t have any other bank accounts.<\/strong><\/p>\n\n\n\n<p class=\"has-black-color has-text-color has-medium-font-size\">Please be careful to check account details with us in person if in any doubt. We will not accept responsibility if you transfer money into an incorrect account.<\/p>\n","protected":false},"excerpt":{"rendered":"<p>DATOS BANCARIOS Tenga en cuenta que existe un riesgo significativo que plantea el fraude cibern\u00e9tico, que afecta espec\u00edficamente las cuentas de correo electr\u00f3nico y los detalles de las cuentas bancarias. TENGA EN CUENTA que los datos de nuestra cuenta bancaria NO cambiar\u00e1n durante el curso de una transacci\u00f3n, y NO cambiaremos nuestros datos bancarios por<\/p>\n<div><a class=\"btn-filled btn\" href=\"https:\/\/www.legatum.net\/?page_id=257\" title=\"Alerta de Ciberdelito \/ Cybercrime Alert\">Leer m\u00e1s<\/a><\/div>\n","protected":false},"author":1,"featured_media":0,"parent":0,"menu_order":0,"comment_status":"closed","ping_status":"closed","template":"","meta":{"footnotes":""},"class_list":["post-257","page","type-page","status-publish","hentry"],"_links":{"self":[{"href":"https:\/\/www.legatum.net\/index.php?rest_route=\/wp\/v2\/pages\/257","targetHints":{"allow":["GET"]}}],"collection":[{"href":"https:\/\/www.legatum.net\/index.php?rest_route=\/wp\/v2\/pages"}],"about":[{"href":"https:\/\/www.legatum.net\/index.php?rest_route=\/wp\/v2\/types\/page"}],"author":[{"embeddable":true,"href":"https:\/\/www.legatum.net\/index.php?rest_route=\/wp\/v2\/users\/1"}],"replies":[{"embeddable":true,"href":"https:\/\/www.legatum.net\/index.php?rest_route=%2Fwp%2Fv2%2Fcomments&post=257"}],"version-history":[{"count":7,"href":"https:\/\/www.legatum.net\/index.php?rest_route=\/wp\/v2\/pages\/257\/revisions"}],"predecessor-version":[{"id":271,"href":"https:\/\/www.legatum.net\/index.php?rest_route=\/wp\/v2\/pages\/257\/revisions\/271"}],"wp:attachment":[{"href":"https:\/\/www.legatum.net\/index.php?rest_route=%2Fwp%2Fv2%2Fmedia&parent=257"}],"curies":[{"name":"wp","href":"https:\/\/api.w.org\/{rel}","templated":true}]}}