{"id":208,"date":"2022-09-14T12:03:15","date_gmt":"2022-09-14T10:03:15","guid":{"rendered":"http:\/\/web.legatum.net\/?page_id=208"},"modified":"2022-09-14T12:03:51","modified_gmt":"2022-09-14T10:03:51","slug":"tjenester","status":"publish","type":"page","link":"https:\/\/www.legatum.net\/?page_id=208&lang=da","title":{"rendered":"Tjenester"},"content":{"rendered":"\n<h2 class=\"wp-block-heading\">Kompetencer<\/h2>\n\n\n\n<p class=\"has-black-color has-text-color\">Vi har stor erfaring med f\u00f8lgende ydelser:<\/p>\n\n\n\n<h3 class=\"wp-block-heading\">Civilret<\/h3>\n\n\n\n<p class=\"has-black-color has-text-color\">Byggesager, forsikring, separation, skilsmisse, inkasso, trafikuheld<\/p>\n\n\n\n<h3 class=\"wp-block-heading\">Strafferet<\/h3>\n\n\n\n<p class=\"has-black-color has-text-color\">Udlevering, r\u00f8veri, trafikuheld, bedrageri, narkotika, vold<\/p>\n\n\n\n<h3 class=\"wp-block-heading\">K\u00f8b og salg af fast ejendom<\/h3>\n\n\n\n<p class=\"has-black-color has-text-color\">Depositum, kontrakt, sk\u00f8de, skat, registrering. Desuden er vort personale i stand til at foretage offentlig vurdering<\/p>\n\n\n\n<h3 class=\"wp-block-heading\">Arv og skifte<\/h3>\n\n\n\n<p class=\"has-black-color has-text-color\">Testamente, d\u00f8dsattest, bobehandling,<\/p>\n\n\n\n<h3 class=\"wp-block-heading\">Testamenter<\/h3>\n\n\n\n<p class=\"has-black-color has-text-color\">Hj\u00e6lp til udf\u00e6rdigelse af testamente<\/p>\n\n\n\n<h3 class=\"wp-block-heading\">Byggesager<\/h3>\n\n\n\n<p class=\"has-black-color has-text-color\">K\u00f8bskontrakt. byggelicens, autorisation, arkitekt, konstrukt\u00f8r, bygherre, promotor, juridisk og \u00f8konomisk kontrol<\/p>\n\n\n\n<h3 class=\"wp-block-heading\">Etablering af selskab<\/h3>\n\n\n\n<p class=\"has-black-color has-text-color\">Navnes\u00f8gning, sk\u00f8de, skat, registrering, Handelsregister, CIF.nr.<\/p>\n\n\n\n<h3 class=\"wp-block-heading\">Residencia og NIE.nr.<\/h3>\n\n\n\n<p class=\"has-black-color has-text-color\">Udfyldelse af formular, ledsagelse til politi eller repr\u00e6sentation ved fuldmagt<br><\/p>\n\n\n\n<figure class=\"wp-block-image size-full\"><img loading=\"lazy\" decoding=\"async\" width=\"1920\" height=\"1440\" src=\"https:\/\/www.legatum.net\/wp-content\/uploads\/2022\/09\/asesor.jpg\" alt=\"\" class=\"wp-image-128\"\/><\/figure>\n","protected":false},"excerpt":{"rendered":"<p>Kompetencer Vi har stor erfaring med f\u00f8lgende ydelser: Civilret Byggesager, forsikring, separation, skilsmisse, inkasso, trafikuheld Strafferet Udlevering, r\u00f8veri, trafikuheld, bedrageri, narkotika, vold K\u00f8b og salg af fast ejendom Depositum, kontrakt, sk\u00f8de, skat, registrering. Desuden er vort personale i stand til at foretage offentlig vurdering Arv og skifte Testamente, d\u00f8dsattest, bobehandling, Testamenter Hj\u00e6lp til udf\u00e6rdigelse af<\/p>\n<div><a class=\"btn-filled btn\" href=\"https:\/\/www.legatum.net\/?page_id=208&#038;lang=da\" title=\"Tjenester\">Leer m\u00e1s<\/a><\/div>\n","protected":false},"author":1,"featured_media":128,"parent":0,"menu_order":0,"comment_status":"closed","ping_status":"closed","template":"","meta":{"footnotes":""},"class_list":["post-208","page","type-page","status-publish","has-post-thumbnail","hentry"],"_links":{"self":[{"href":"https:\/\/www.legatum.net\/index.php?rest_route=\/wp\/v2\/pages\/208","targetHints":{"allow":["GET"]}}],"collection":[{"href":"https:\/\/www.legatum.net\/index.php?rest_route=\/wp\/v2\/pages"}],"about":[{"href":"https:\/\/www.legatum.net\/index.php?rest_route=\/wp\/v2\/types\/page"}],"author":[{"embeddable":true,"href":"https:\/\/www.legatum.net\/index.php?rest_route=\/wp\/v2\/users\/1"}],"replies":[{"embeddable":true,"href":"https:\/\/www.legatum.net\/index.php?rest_route=%2Fwp%2Fv2%2Fcomments&post=208"}],"version-history":[{"count":3,"href":"https:\/\/www.legatum.net\/index.php?rest_route=\/wp\/v2\/pages\/208\/revisions"}],"predecessor-version":[{"id":214,"href":"https:\/\/www.legatum.net\/index.php?rest_route=\/wp\/v2\/pages\/208\/revisions\/214"}],"wp:featuredmedia":[{"embeddable":true,"href":"https:\/\/www.legatum.net\/index.php?rest_route=\/wp\/v2\/media\/128"}],"wp:attachment":[{"href":"https:\/\/www.legatum.net\/index.php?rest_route=%2Fwp%2Fv2%2Fmedia&parent=208"}],"curies":[{"name":"wp","href":"https:\/\/api.w.org\/{rel}","templated":true}]}}