{"id":2,"date":"2022-08-18T09:03:49","date_gmt":"2022-08-18T09:03:49","guid":{"rendered":"http:\/\/web.legatum.net\/?page_id=2"},"modified":"2023-04-10T10:28:10","modified_gmt":"2023-04-10T08:28:10","slug":"sample-page","status":"publish","type":"page","link":"https:\/\/www.legatum.net\/","title":{"rendered":"Qui\u00e9nes somos"},"content":{"rendered":"\n<h2 class=\"wp-block-heading\">Sobre Legatum<\/h2>\n\n\n\n<p class=\"has-black-color has-text-color\">LEGATUM es una empresa de <strong>servicios jur\u00eddicos y econ\u00f3micos,<\/strong> compuesta por <strong>abogados <\/strong>y <strong>consultores <\/strong>expertos en los distintos campos de actuaci\u00f3n y con una larga y reconocida experiencia profesional. Su \u00e1mbito de actuaci\u00f3n es internacional.<\/p>\n\n\n\n<figure class=\"wp-block-image size-full\"><img loading=\"lazy\" decoding=\"async\" width=\"1280\" height=\"959\" src=\"https:\/\/www.legatum.net\/wp-content\/uploads\/2022\/09\/lady-justice.jpg\" alt=\"\" class=\"wp-image-27\"\/><\/figure>\n\n\n\n<h3 class=\"wp-block-heading\" style=\"font-style:normal;font-weight:400\">Servicio Personal<\/h3>\n\n\n\n<p class=\"has-black-color has-text-color\">Ponemos especial \u00e9nfasis en&nbsp;la <em>relaci\u00f3n con el cliente a largo plazo<\/em> para lo cual la actuaci\u00f3n profesional de basa en el <em>conocimiento del cliente y en la mutua confianza<\/em>. <\/p>\n\n\n\n<p class=\"has-black-color has-text-color\">Nuestros profesionales dominan los idiomas espa\u00f1ol, ingl\u00e9s y dan\u00e9s. <\/p>\n\n\n\n<p class=\"has-black-color has-text-color\">Nuestros clientes desean la obtenci\u00f3n de resultados que sean \u00fatiles y a ello est\u00e1 encaminado nuestro trabajo.<\/p>\n\n\n\n<p class=\"has-black-color has-text-color\">Al mismo tiempo somos conscientes de que nuestros clientes en muchas ocasiones necesitan una reacci\u00f3n r\u00e1pida de su abogado o consultor encontrandonos en disposici\u00f3n de actuar con&nbsp; eficacia y agilidad.<\/p>\n\n\n\n<p class=\"has-black-color has-text-color\">No competimos en precio pero si deseamos que nuestros clientes obtengan resultados y servicios valiosos&nbsp; por el dinero que invierten.<\/p>\n","protected":false},"excerpt":{"rendered":"<p>Sobre Legatum LEGATUM es una empresa de servicios jur\u00eddicos y econ\u00f3micos, compuesta por abogados y consultores expertos en los distintos campos de actuaci\u00f3n y con una larga y reconocida experiencia profesional. Su \u00e1mbito de actuaci\u00f3n es internacional. Servicio Personal Ponemos especial \u00e9nfasis en&nbsp;la relaci\u00f3n con el cliente a largo plazo para lo cual la actuaci\u00f3n<\/p>\n<div><a class=\"btn-filled btn\" href=\"https:\/\/www.legatum.net\/\" title=\"Qui\u00e9nes somos\">Leer m\u00e1s<\/a><\/div>\n","protected":false},"author":1,"featured_media":27,"parent":0,"menu_order":0,"comment_status":"closed","ping_status":"open","template":"","meta":{"footnotes":""},"class_list":["post-2","page","type-page","status-publish","has-post-thumbnail","hentry"],"_links":{"self":[{"href":"https:\/\/www.legatum.net\/index.php?rest_route=\/wp\/v2\/pages\/2","targetHints":{"allow":["GET"]}}],"collection":[{"href":"https:\/\/www.legatum.net\/index.php?rest_route=\/wp\/v2\/pages"}],"about":[{"href":"https:\/\/www.legatum.net\/index.php?rest_route=\/wp\/v2\/types\/page"}],"author":[{"embeddable":true,"href":"https:\/\/www.legatum.net\/index.php?rest_route=\/wp\/v2\/users\/1"}],"replies":[{"embeddable":true,"href":"https:\/\/www.legatum.net\/index.php?rest_route=%2Fwp%2Fv2%2Fcomments&post=2"}],"version-history":[{"count":17,"href":"https:\/\/www.legatum.net\/index.php?rest_route=\/wp\/v2\/pages\/2\/revisions"}],"predecessor-version":[{"id":268,"href":"https:\/\/www.legatum.net\/index.php?rest_route=\/wp\/v2\/pages\/2\/revisions\/268"}],"wp:featuredmedia":[{"embeddable":true,"href":"https:\/\/www.legatum.net\/index.php?rest_route=\/wp\/v2\/media\/27"}],"wp:attachment":[{"href":"https:\/\/www.legatum.net\/index.php?rest_route=%2Fwp%2Fv2%2Fmedia&parent=2"}],"curies":[{"name":"wp","href":"https:\/\/api.w.org\/{rel}","templated":true}]}}